{"id":39,"date":"2023-05-29T15:29:53","date_gmt":"2023-05-29T14:29:53","guid":{"rendered":"https:\/\/sneaku.000webhostapp.com\/?page_id=39"},"modified":"2023-06-25T11:53:17","modified_gmt":"2023-06-25T10:53:17","slug":"mentions-legales-et-confidentialite","status":"publish","type":"page","link":"https:\/\/sneaku.online\/?page_id=39","title":{"rendered":"Mentions l\u00e9gales et confidentialit\u00e9"},"content":{"rendered":"\n<div class=\"wp-block-columns is-layout-flex wp-container-core-columns-is-layout-9d6595d7 wp-block-columns-is-layout-flex\">\n<div class=\"wp-block-column is-layout-flow wp-block-column-is-layout-flow\"><\/div>\n\n\n\n<div class=\"wp-block-column is-layout-flow wp-block-column-is-layout-flow\" style=\"flex-basis:66.66%\">\n<p><\/p>\n\n\n\n<p>Ce site est \u00e9dit\u00e9 par Sneak U,  une entreprise situ\u00e9e \u00e0 49 rue Chapou, 69200 Lyon. <\/p>\n\n\n\n<p>Pour toute question, veuillez nous contacter \u00e0 <a href=\"mailto:clioflochstudi@gmail.com\">clioflochstudi@gmail.com<\/a> ou par t\u00e9l\u00e9phone au 089804814816<\/p>\n\n\n\n<p><strong>Politique de confidentialit\u00e9<\/strong><\/p>\n\n\n\n<p>Sneak U &nbsp;s&#8217;engage \u00e0 prot\u00e9ger et \u00e0 respecter votre vie priv\u00e9e.<\/p>\n\n\n\n<p><strong>Collecte d&#8217;informations<\/strong><\/p>\n\n\n\n<p>Nous collectons des informations lorsque vous vous inscrivez sur notre site, lorsque vous vous connectez \u00e0 votre compte, faites un achat, participez \u00e0 un concours et\/ou lorsque vous vous d\u00e9connectez. Les informations recueillies incluent votre nom, votre adresse e-mail, num\u00e9ro de t\u00e9l\u00e9phone, et\/ou carte de cr\u00e9dit.<\/p>\n\n\n\n<p><strong>Utilisation des informations<\/strong><\/p>\n\n\n\n<p>Toutes les informations que nous recueillons aupr\u00e8s de vous peuvent \u00eatre utilis\u00e9es pour :<\/p>\n\n\n\n<ul class=\"wp-block-list\">\n<li>Personnaliser votre exp\u00e9rience et r\u00e9pondre \u00e0 vos besoins individuels<\/li>\n\n\n\n<li>Fournir un contenu publicitaire personnalis\u00e9<\/li>\n\n\n\n<li>Am\u00e9liorer notre site Web<\/li>\n\n\n\n<li>Am\u00e9liorer le service client et vos besoins de prise en charge<\/li>\n\n\n\n<li>Vous contacter par e-mail<\/li>\n\n\n\n<li>Administrer un concours, une promotion, ou une enqu\u00eate<\/li>\n<\/ul>\n\n\n\n<p><strong>Confidentialit\u00e9 du commerce en ligne<\/strong><\/p>\n\n\n\n<p>Nous sommes les seuls propri\u00e9taires des informations recueillies sur ce site. Vos informations personnelles ne seront pas vendues, \u00e9chang\u00e9es, transf\u00e9r\u00e9es, ou donn\u00e9es \u00e0 une autre entreprise pour n&#8217;importe quelle raison, sans votre consentement, en dehors de ce qui est n\u00e9cessaire pour r\u00e9pondre \u00e0 une demande et\/ou une transaction, comme par exemple pour exp\u00e9dier une commande.<\/p>\n\n\n\n<p><strong>Divulgation \u00e0 des tiers<\/strong><\/p>\n\n\n\n<p>Nous ne vendons, n&#8217;\u00e9changeons, ou ne transf\u00e9rons pas vos informations personnelles identifiables \u00e0 des tiers. Cela ne comprend pas les tiers de confiance qui nous aident \u00e0 exploiter notre site Web ou \u00e0 mener nos affaires, tant que ces parties conviennent de garder ces informations confidentielles.<\/p>\n\n\n\n<p><strong>Protection des informations<\/strong><\/p>\n\n\n\n<p>Nous mettons en \u0153uvre une vari\u00e9t\u00e9 de mesures de s\u00e9curit\u00e9 pour pr\u00e9server la s\u00e9curit\u00e9 de vos informations personnelles. Nous utilisons un cryptage \u00e0 la pointe de la technologie pour prot\u00e9ger les informations sensibles transmises en ligne. Nous prot\u00e9geons \u00e9galement vos informations hors ligne. Seuls les employ\u00e9s qui ont besoin d&#8217;effectuer un travail sp\u00e9cifique (par exemple, la facturation ou le service \u00e0 la client\u00e8le) ont acc\u00e8s aux informations personnelles identifiables.<\/p>\n\n\n\n<p><strong>Consentement<\/strong><\/p>\n\n\n\n<p>En utilisant notre site, vous consentez \u00e0 notre politique de confidentialit\u00e9.&nbsp;<\/p>\n<\/div>\n\n\n\n<div class=\"wp-block-column is-layout-flow wp-block-column-is-layout-flow\"><\/div>\n<\/div>\n\n\n\n<p><\/p>\n","protected":false},"excerpt":{"rendered":"<p>Ce site est \u00e9dit\u00e9 par Sneak U, une entreprise situ\u00e9e \u00e0 49 rue Chapou, 69200 Lyon. Pour toute question, veuillez nous contacter \u00e0 clioflochstudi@gmail.com ou par t\u00e9l\u00e9phone au 089804814816 Politique de confidentialit\u00e9 Sneak U &nbsp;s&#8217;engage \u00e0 prot\u00e9ger et \u00e0 respecter votre vie priv\u00e9e. Collecte d&#8217;informations Nous collectons des informations lorsque vous vous inscrivez sur notre [&hellip;]<\/p>\n","protected":false},"author":1,"featured_media":0,"parent":0,"menu_order":0,"comment_status":"closed","ping_status":"closed","template":"","meta":{"_uag_custom_page_level_css":"","_mi_skip_tracking":false,"_monsterinsights_sitenote_active":false,"_monsterinsights_sitenote_note":"","_monsterinsights_sitenote_category":0,"footnotes":""},"class_list":["post-39","page","type-page","status-publish","hentry","entry","owp-thumbs-layout-horizontal","owp-btn-normal","owp-tabs-layout-horizontal","has-no-thumbnails","has-product-nav"],"yoast_head":"<!-- This site is optimized with the Yoast SEO plugin v20.10 - https:\/\/yoast.com\/wordpress\/plugins\/seo\/ -->\n<title>Mentions l\u00e9gales et confidentialit\u00e9 - Sneak U<\/title>\n<meta name=\"robots\" content=\"index, follow, max-snippet:-1, max-image-preview:large, max-video-preview:-1\" \/>\n<link rel=\"canonical\" href=\"https:\/\/sneaku.online\/?page_id=39\" \/>\n<meta property=\"og:locale\" content=\"en_GB\" \/>\n<meta property=\"og:type\" content=\"article\" \/>\n<meta property=\"og:title\" content=\"Mentions l\u00e9gales et confidentialit\u00e9 - Sneak U\" \/>\n<meta property=\"og:description\" content=\"Ce site est \u00e9dit\u00e9 par Sneak U, une entreprise situ\u00e9e \u00e0 49 rue Chapou, 69200 Lyon. Pour toute question, veuillez nous contacter \u00e0 clioflochstudi@gmail.com ou par t\u00e9l\u00e9phone au 089804814816 Politique de confidentialit\u00e9 Sneak U &nbsp;s&#8217;engage \u00e0 prot\u00e9ger et \u00e0 respecter votre vie priv\u00e9e. Collecte d&#8217;informations Nous collectons des informations lorsque vous vous inscrivez sur notre [&hellip;]\" \/>\n<meta property=\"og:url\" content=\"https:\/\/sneaku.online\/?page_id=39\" \/>\n<meta property=\"og:site_name\" content=\"Sneak U\" \/>\n<meta property=\"article:publisher\" content=\"https:\/\/www.facebook.com\/profile.php?id=100093692063251\" \/>\n<meta property=\"article:modified_time\" content=\"2023-06-25T10:53:17+00:00\" \/>\n<meta name=\"twitter:card\" content=\"summary_large_image\" \/>\n<meta name=\"twitter:label1\" content=\"Estimated reading time\" \/>\n\t<meta name=\"twitter:data1\" content=\"2 minutes\" \/>\n<script type=\"application\/ld+json\" class=\"yoast-schema-graph\">{\"@context\":\"https:\/\/schema.org\",\"@graph\":[{\"@type\":\"WebPage\",\"@id\":\"https:\/\/sneaku.online\/?page_id=39\",\"url\":\"https:\/\/sneaku.online\/?page_id=39\",\"name\":\"Mentions l\u00e9gales et confidentialit\u00e9 - Sneak U\",\"isPartOf\":{\"@id\":\"https:\/\/sneaku.online\/#website\"},\"datePublished\":\"2023-05-29T14:29:53+00:00\",\"dateModified\":\"2023-06-25T10:53:17+00:00\",\"breadcrumb\":{\"@id\":\"https:\/\/sneaku.online\/?page_id=39#breadcrumb\"},\"inLanguage\":\"en-GB\",\"potentialAction\":[{\"@type\":\"ReadAction\",\"target\":[\"https:\/\/sneaku.online\/?page_id=39\"]}]},{\"@type\":\"BreadcrumbList\",\"@id\":\"https:\/\/sneaku.online\/?page_id=39#breadcrumb\",\"itemListElement\":[{\"@type\":\"ListItem\",\"position\":1,\"name\":\"Home\",\"item\":\"https:\/\/sneaku.online\/\"},{\"@type\":\"ListItem\",\"position\":2,\"name\":\"Mentions l\u00e9gales et confidentialit\u00e9\"}]},{\"@type\":\"WebSite\",\"@id\":\"https:\/\/sneaku.online\/#website\",\"url\":\"https:\/\/sneaku.online\/\",\"name\":\"Sneak U\",\"description\":\"Le choix des champions, la puissance des sportifs\",\"publisher\":{\"@id\":\"https:\/\/sneaku.online\/#organization\"},\"potentialAction\":[{\"@type\":\"SearchAction\",\"target\":{\"@type\":\"EntryPoint\",\"urlTemplate\":\"https:\/\/sneaku.online\/?s={search_term_string}\"},\"query-input\":\"required name=search_term_string\"}],\"inLanguage\":\"en-GB\"},{\"@type\":\"Organization\",\"@id\":\"https:\/\/sneaku.online\/#organization\",\"name\":\"Sneak U\",\"url\":\"https:\/\/sneaku.online\/\",\"logo\":{\"@type\":\"ImageObject\",\"inLanguage\":\"en-GB\",\"@id\":\"https:\/\/sneaku.online\/#\/schema\/logo\/image\/\",\"url\":\"https:\/\/sneaku.online\/wp-content\/uploads\/2023\/06\/cropped-Jetez-un-oeil-a-mon-design-Canva-.jpg\",\"contentUrl\":\"https:\/\/sneaku.online\/wp-content\/uploads\/2023\/06\/cropped-Jetez-un-oeil-a-mon-design-Canva-.jpg\",\"width\":56,\"height\":51,\"caption\":\"Sneak U\"},\"image\":{\"@id\":\"https:\/\/sneaku.online\/#\/schema\/logo\/image\/\"},\"sameAs\":[\"https:\/\/www.facebook.com\/profile.php?id=100093692063251\",\"https:\/\/instagram.com\/sneak_u_lyon?igshid=ZDc4ODBmNjlmNQ==\"]}]}<\/script>\n<!-- \/ Yoast SEO plugin. -->","yoast_head_json":{"title":"Mentions l\u00e9gales et confidentialit\u00e9 - Sneak U","robots":{"index":"index","follow":"follow","max-snippet":"max-snippet:-1","max-image-preview":"max-image-preview:large","max-video-preview":"max-video-preview:-1"},"canonical":"https:\/\/sneaku.online\/?page_id=39","og_locale":"en_GB","og_type":"article","og_title":"Mentions l\u00e9gales et confidentialit\u00e9 - Sneak U","og_description":"Ce site est \u00e9dit\u00e9 par Sneak U, une entreprise situ\u00e9e \u00e0 49 rue Chapou, 69200 Lyon. Pour toute question, veuillez nous contacter \u00e0 clioflochstudi@gmail.com ou par t\u00e9l\u00e9phone au 089804814816 Politique de confidentialit\u00e9 Sneak U &nbsp;s&#8217;engage \u00e0 prot\u00e9ger et \u00e0 respecter votre vie priv\u00e9e. Collecte d&#8217;informations Nous collectons des informations lorsque vous vous inscrivez sur notre [&hellip;]","og_url":"https:\/\/sneaku.online\/?page_id=39","og_site_name":"Sneak U","article_publisher":"https:\/\/www.facebook.com\/profile.php?id=100093692063251","article_modified_time":"2023-06-25T10:53:17+00:00","twitter_card":"summary_large_image","twitter_misc":{"Estimated reading time":"2 minutes"},"schema":{"@context":"https:\/\/schema.org","@graph":[{"@type":"WebPage","@id":"https:\/\/sneaku.online\/?page_id=39","url":"https:\/\/sneaku.online\/?page_id=39","name":"Mentions l\u00e9gales et confidentialit\u00e9 - Sneak U","isPartOf":{"@id":"https:\/\/sneaku.online\/#website"},"datePublished":"2023-05-29T14:29:53+00:00","dateModified":"2023-06-25T10:53:17+00:00","breadcrumb":{"@id":"https:\/\/sneaku.online\/?page_id=39#breadcrumb"},"inLanguage":"en-GB","potentialAction":[{"@type":"ReadAction","target":["https:\/\/sneaku.online\/?page_id=39"]}]},{"@type":"BreadcrumbList","@id":"https:\/\/sneaku.online\/?page_id=39#breadcrumb","itemListElement":[{"@type":"ListItem","position":1,"name":"Home","item":"https:\/\/sneaku.online\/"},{"@type":"ListItem","position":2,"name":"Mentions l\u00e9gales et confidentialit\u00e9"}]},{"@type":"WebSite","@id":"https:\/\/sneaku.online\/#website","url":"https:\/\/sneaku.online\/","name":"Sneak U","description":"Le choix des champions, la puissance des sportifs","publisher":{"@id":"https:\/\/sneaku.online\/#organization"},"potentialAction":[{"@type":"SearchAction","target":{"@type":"EntryPoint","urlTemplate":"https:\/\/sneaku.online\/?s={search_term_string}"},"query-input":"required name=search_term_string"}],"inLanguage":"en-GB"},{"@type":"Organization","@id":"https:\/\/sneaku.online\/#organization","name":"Sneak U","url":"https:\/\/sneaku.online\/","logo":{"@type":"ImageObject","inLanguage":"en-GB","@id":"https:\/\/sneaku.online\/#\/schema\/logo\/image\/","url":"https:\/\/sneaku.online\/wp-content\/uploads\/2023\/06\/cropped-Jetez-un-oeil-a-mon-design-Canva-.jpg","contentUrl":"https:\/\/sneaku.online\/wp-content\/uploads\/2023\/06\/cropped-Jetez-un-oeil-a-mon-design-Canva-.jpg","width":56,"height":51,"caption":"Sneak U"},"image":{"@id":"https:\/\/sneaku.online\/#\/schema\/logo\/image\/"},"sameAs":["https:\/\/www.facebook.com\/profile.php?id=100093692063251","https:\/\/instagram.com\/sneak_u_lyon?igshid=ZDc4ODBmNjlmNQ=="]}]}},"uagb_featured_image_src":{"full":false,"thumbnail":false,"medium":false,"medium_large":false,"large":false,"1536x1536":false,"2048x2048":false,"ocean-thumb-m":false,"ocean-thumb-ml":false,"ocean-thumb-l":false,"woocommerce_thumbnail":false,"woocommerce_single":false,"woocommerce_gallery_thumbnail":false},"uagb_author_info":{"display_name":"cliofloch","author_link":"https:\/\/sneaku.online\/?author=1"},"uagb_comment_info":0,"uagb_excerpt":"Ce site est \u00e9dit\u00e9 par Sneak U, une entreprise situ\u00e9e \u00e0 49 rue Chapou, 69200 Lyon. Pour toute question, veuillez nous contacter \u00e0 clioflochstudi@gmail.com ou par t\u00e9l\u00e9phone au 089804814816 Politique de confidentialit\u00e9 Sneak U &nbsp;s&#8217;engage \u00e0 prot\u00e9ger et \u00e0 respecter votre vie priv\u00e9e. Collecte d&#8217;informations Nous collectons des informations lorsque vous vous inscrivez sur notre&hellip;","_links":{"self":[{"href":"https:\/\/sneaku.online\/index.php?rest_route=\/wp\/v2\/pages\/39","targetHints":{"allow":["GET"]}}],"collection":[{"href":"https:\/\/sneaku.online\/index.php?rest_route=\/wp\/v2\/pages"}],"about":[{"href":"https:\/\/sneaku.online\/index.php?rest_route=\/wp\/v2\/types\/page"}],"author":[{"embeddable":true,"href":"https:\/\/sneaku.online\/index.php?rest_route=\/wp\/v2\/users\/1"}],"replies":[{"embeddable":true,"href":"https:\/\/sneaku.online\/index.php?rest_route=%2Fwp%2Fv2%2Fcomments&post=39"}],"version-history":[{"count":4,"href":"https:\/\/sneaku.online\/index.php?rest_route=\/wp\/v2\/pages\/39\/revisions"}],"predecessor-version":[{"id":322,"href":"https:\/\/sneaku.online\/index.php?rest_route=\/wp\/v2\/pages\/39\/revisions\/322"}],"wp:attachment":[{"href":"https:\/\/sneaku.online\/index.php?rest_route=%2Fwp%2Fv2%2Fmedia&parent=39"}],"curies":[{"name":"wp","href":"https:\/\/api.w.org\/{rel}","templated":true}]}}