{"id":30,"date":"2023-05-29T15:28:51","date_gmt":"2023-05-29T14:28:51","guid":{"rendered":"https:\/\/sneaku.000webhostapp.com\/?page_id=30"},"modified":"2023-06-29T22:04:16","modified_gmt":"2023-06-29T20:04:16","slug":"chaussures-trail","status":"publish","type":"page","link":"https:\/\/sneaku.online\/?page_id=30","title":{"rendered":"Chaussures Trail"},"content":{"rendered":"\n<div style=\"height:25px\" aria-hidden=\"true\" class=\"wp-block-spacer\"><\/div>\n\n\n\n<div class=\"wp-block-columns alignfull ticss-c9745dc3 has-background is-layout-flex wp-container-core-columns-is-layout-9d6595d7 wp-block-columns-is-layout-flex\" style=\"background-color:#ddddddde\">\n<div class=\"wp-block-column is-layout-flow wp-block-column-is-layout-flow\" style=\"flex-basis:66.66%\">\n<p>Besoin d&#8217;aide pour trouver la chaussure id\u00e9ale ? <\/p>\n\n\n\n<p class=\"has-text-align-left\">Sneak U vous propose une \u00e9tude personnalis\u00e9e !<\/p>\n<\/div>\n\n\n\n<div class=\"wp-block-column is-vertically-aligned-center is-layout-flow wp-block-column-is-layout-flow\" style=\"flex-basis:33.33%\">\n<div class=\"wp-block-buttons is-layout-flex wp-block-buttons-is-layout-flex\">\n<div class=\"wp-block-button\"><a class=\"wp-block-button__link wp-element-button\" style=\"border-radius:0px\">Trouver chaussure \u00e0 mon pied<\/a><\/div>\n<\/div>\n<\/div>\n<\/div>\n\n\n\n<div class=\"wp-block-columns alignfull is-layout-flex wp-container-core-columns-is-layout-9d6595d7 wp-block-columns-is-layout-flex\">\n<div class=\"wp-block-column is-layout-flow wp-block-column-is-layout-flow\">\n<figure class=\"wp-block-image size-full is-resized\"><img loading=\"lazy\" decoding=\"async\" src=\"https:\/\/sneaku.000webhostapp.com\/wp-content\/uploads\/2023\/06\/blanches.jpg\" alt=\"\" class=\"wp-image-266\" width=\"200\" height=\"200\" srcset=\"https:\/\/sneaku.online\/wp-content\/uploads\/2023\/06\/blanches.jpg 225w, https:\/\/sneaku.online\/wp-content\/uploads\/2023\/06\/blanches-100x100.jpg 100w, https:\/\/sneaku.online\/wp-content\/uploads\/2023\/06\/blanches-150x150.jpg 150w\" sizes=\"auto, (max-width: 200px) 100vw, 200px\" \/><\/figure>\n\n\n\n<p class=\"has-text-align-center\"><strong>SALOMON<\/strong><\/p>\n\n\n\n<p class=\"has-text-align-center\">PULSAR TRAIL<\/p>\n<\/div>\n\n\n\n<div class=\"wp-block-column is-layout-flow wp-block-column-is-layout-flow\">\n<figure class=\"wp-block-image size-full is-resized\"><img loading=\"lazy\" decoding=\"async\" src=\"https:\/\/sneaku.000webhostapp.com\/wp-content\/uploads\/2023\/06\/adidas.jpg\" alt=\"\" class=\"wp-image-268\" width=\"200\" height=\"200\" srcset=\"https:\/\/sneaku.online\/wp-content\/uploads\/2023\/06\/adidas.jpg 225w, https:\/\/sneaku.online\/wp-content\/uploads\/2023\/06\/adidas-100x100.jpg 100w, https:\/\/sneaku.online\/wp-content\/uploads\/2023\/06\/adidas-150x150.jpg 150w\" sizes=\"auto, (max-width: 200px) 100vw, 200px\" \/><\/figure>\n\n\n\n<p class=\"has-text-align-center\"><strong>ADIDAS<\/strong><\/p>\n\n\n\n<p class=\"has-text-align-center\">Terrex speed ultra trail<\/p>\n<\/div>\n\n\n\n<div class=\"wp-block-column is-layout-flow wp-block-column-is-layout-flow\">\n<figure class=\"wp-block-image size-full is-resized\"><img loading=\"lazy\" decoding=\"async\" src=\"https:\/\/sneaku.000webhostapp.com\/wp-content\/uploads\/2023\/06\/nike-2.jpg\" alt=\"\" class=\"wp-image-269\" width=\"200\" height=\"200\" srcset=\"https:\/\/sneaku.online\/wp-content\/uploads\/2023\/06\/nike-2.jpg 225w, https:\/\/sneaku.online\/wp-content\/uploads\/2023\/06\/nike-2-100x100.jpg 100w, https:\/\/sneaku.online\/wp-content\/uploads\/2023\/06\/nike-2-150x150.jpg 150w\" sizes=\"auto, (max-width: 200px) 100vw, 200px\" \/><\/figure>\n\n\n\n<p class=\"has-text-align-center\"><strong>NIKE<\/strong><\/p>\n\n\n\n<p class=\"has-text-align-center\">React Pegasus Trail 4 &#8211; Chaussures de trail<\/p>\n<\/div>\n<\/div>\n\n\n\n<div class=\"wp-block-columns alignfull is-layout-flex wp-container-core-columns-is-layout-9d6595d7 wp-block-columns-is-layout-flex\">\n<div class=\"wp-block-column is-layout-flow wp-block-column-is-layout-flow\">\n<figure class=\"wp-block-image size-full is-resized\"><img loading=\"lazy\" decoding=\"async\" src=\"https:\/\/sneaku.online\/wp-content\/uploads\/2023\/06\/rouge-1.jpg\" alt=\"\" class=\"wp-image-680\" width=\"200\" height=\"200\" srcset=\"https:\/\/sneaku.online\/wp-content\/uploads\/2023\/06\/rouge-1.jpg 613w, https:\/\/sneaku.online\/wp-content\/uploads\/2023\/06\/rouge-1-300x300.jpg 300w, https:\/\/sneaku.online\/wp-content\/uploads\/2023\/06\/rouge-1-100x100.jpg 100w, https:\/\/sneaku.online\/wp-content\/uploads\/2023\/06\/rouge-1-600x600.jpg 600w, https:\/\/sneaku.online\/wp-content\/uploads\/2023\/06\/rouge-1-150x150.jpg 150w\" sizes=\"auto, (max-width: 200px) 100vw, 200px\" \/><\/figure>\n\n\n\n<div style=\"height:9px\" aria-hidden=\"true\" class=\"wp-block-spacer\"><\/div>\n\n\n\n<p class=\"has-text-align-center\"><strong>NIKE<\/strong><\/p>\n\n\n\n<p class=\"has-text-align-center\">Nike Pegasus Trail 2&nbsp;<\/p>\n<\/div>\n\n\n\n<div class=\"wp-block-column is-layout-flow wp-block-column-is-layout-flow\">\n<figure class=\"wp-block-image size-full\"><img loading=\"lazy\" decoding=\"async\" width=\"225\" height=\"225\" src=\"https:\/\/sneaku.000webhostapp.com\/wp-content\/uploads\/2023\/06\/adidas-2.jpg\" alt=\"\" class=\"wp-image-271\" srcset=\"https:\/\/sneaku.online\/wp-content\/uploads\/2023\/06\/adidas-2.jpg 225w, https:\/\/sneaku.online\/wp-content\/uploads\/2023\/06\/adidas-2-100x100.jpg 100w, https:\/\/sneaku.online\/wp-content\/uploads\/2023\/06\/adidas-2-150x150.jpg 150w\" sizes=\"auto, (max-width: 225px) 100vw, 225px\" \/><\/figure>\n\n\n\n<p class=\"has-text-align-center\"><strong>ADIDAS<\/strong><\/p>\n\n\n\n<p class=\"has-text-align-center\">Terrex speed SG <\/p>\n<\/div>\n\n\n\n<div class=\"wp-block-column is-layout-flow wp-block-column-is-layout-flow\">\n<figure class=\"wp-block-image size-full\"><img loading=\"lazy\" decoding=\"async\" width=\"225\" height=\"225\" src=\"https:\/\/sneaku.000webhostapp.com\/wp-content\/uploads\/2023\/06\/violet.jpg\" alt=\"\" class=\"wp-image-267\" srcset=\"https:\/\/sneaku.online\/wp-content\/uploads\/2023\/06\/violet.jpg 225w, https:\/\/sneaku.online\/wp-content\/uploads\/2023\/06\/violet-100x100.jpg 100w, https:\/\/sneaku.online\/wp-content\/uploads\/2023\/06\/violet-150x150.jpg 150w\" sizes=\"auto, (max-width: 225px) 100vw, 225px\" \/><\/figure>\n\n\n\n<p class=\"has-text-align-center\"><strong>SALOMON<\/strong><\/p>\n\n\n\n<p class=\"has-text-align-center\">W SALOMON PULSAR TRAIL PRO<\/p>\n<\/div>\n<\/div>\n\n\n\n<div style=\"height:54px\" aria-hidden=\"true\" class=\"wp-block-spacer\"><\/div>\n\n\n\n<p>Notre s\u00e9lection de <strong>chaussures<\/strong> de <strong>trail<\/strong> propose des produits de trois marques incontournables dans le domaine : Salomon, Sportiva et Adidas. Chaque marque a forg\u00e9 une solide r\u00e9putation en offrant des <strong>chaussures<\/strong> de haute performance qui r\u00e9pondent aux exigences sp\u00e9cifiques du <strong>trail<\/strong> running.<\/p>\n\n\n\n<div style=\"height:30px\" aria-hidden=\"true\" class=\"wp-block-spacer\"><\/div>\n\n\n\n<p><span style=\"font-family: 'Arial',sans-serif;\">Les <b style=\"mso-bidi-font-weight: normal;\">chaussures<\/b> de <b style=\"mso-bidi-font-weight: normal;\">trail<\/b> Salomon sont r\u00e9put\u00e9es pour leur durabilit\u00e9 et leur adh\u00e9rence exceptionnelle, offrant aux coureurs une stabilit\u00e9 et une s\u00e9curit\u00e9 optimales sur les terrains les plus difficiles. Sportiva, avec sa longue tradition dans l&#8217;\u00e9quipement de montagne, propose des <b style=\"mso-bidi-font-weight: normal;\">chaussures<\/b> de <b style=\"mso-bidi-font-weight: normal;\">trail<\/b> qui excellent en mati\u00e8re de protection, d&#8217;adh\u00e9rence et de confort, m\u00eame sur les sentiers les plus techniques. Adidas, enfin, combine son expertise en mati\u00e8re d&#8217;amorti et de performance avec des technologies robustes et durables pour cr\u00e9er des <b style=\"mso-bidi-font-weight: normal;\">chaussures<\/b> de <b style=\"mso-bidi-font-weight: normal;\">trail<\/b> qui soutiennent les coureurs sur toutes sortes de terrains.<\/span><\/p>\n\n\n\n<div style=\"height:30px\" aria-hidden=\"true\" class=\"wp-block-spacer\"><\/div>\n\n\n\n<p>Que vous recherchiez la durabilit\u00e9 et l&#8217;adh\u00e9rence sup\u00e9rieure de Salomon, la protection et la performance technique de Sportiva, ou le confort et la performance tout-terrain d&#8217;Adidas, notre gamme de <strong>chaussures<\/strong> de <strong>trail<\/strong> offre une vari\u00e9t\u00e9 d&#8217;options pour tous les types de coureurs de <strong>trail<\/strong>.<\/p>\n\n\n\n<div style=\"height:38px\" aria-hidden=\"true\" class=\"wp-block-spacer\"><\/div>\n\n\n\n<div class=\"wp-block-cover aligncenter is-light\" style=\"min-height:425px;aspect-ratio:unset;\"><span aria-hidden=\"true\" class=\"wp-block-cover__background has-background-dim-40 has-background-dim\"><\/span><img loading=\"lazy\" decoding=\"async\" width=\"2560\" height=\"1702\" class=\"wp-block-cover__image-background wp-image-686\" alt=\"\" src=\"https:\/\/sneaku.online\/wp-content\/uploads\/2023\/06\/pexels-karolina-36692881-scaled.jpg\" data-object-fit=\"cover\" srcset=\"https:\/\/sneaku.online\/wp-content\/uploads\/2023\/06\/pexels-karolina-36692881-scaled.jpg 2560w, https:\/\/sneaku.online\/wp-content\/uploads\/2023\/06\/pexels-karolina-36692881-scaled-600x399.jpg 600w, https:\/\/sneaku.online\/wp-content\/uploads\/2023\/06\/pexels-karolina-36692881-300x199.jpg 300w, https:\/\/sneaku.online\/wp-content\/uploads\/2023\/06\/pexels-karolina-36692881-1024x681.jpg 1024w, https:\/\/sneaku.online\/wp-content\/uploads\/2023\/06\/pexels-karolina-36692881-768x511.jpg 768w, https:\/\/sneaku.online\/wp-content\/uploads\/2023\/06\/pexels-karolina-36692881-1536x1021.jpg 1536w, https:\/\/sneaku.online\/wp-content\/uploads\/2023\/06\/pexels-karolina-36692881-2048x1362.jpg 2048w\" sizes=\"auto, (max-width: 2560px) 100vw, 2560px\" \/><div class=\"wp-block-cover__inner-container is-layout-flow wp-block-cover-is-layout-flow\">\n<div style=\"height:20px\" aria-hidden=\"true\" class=\"wp-block-spacer\"><\/div>\n\n\n\n<p class=\"has-text-align-center has-white-color has-text-color has-medium-font-size\">Explorez notre collection et trouvez la paire qui vous aidera \u00e0 conqu\u00e9rir les sentiers, \u00e0 atteindre de nouveaux sommets et \u00e0 d\u00e9passer vos limites. Chaque paire dans notre s\u00e9lection est con\u00e7ue pour vous offrir la confiance n\u00e9cessaire pour vous attaquer \u00e0 tout d\u00e9fi de <strong>trail<\/strong> running qui se pr\u00e9sente \u00e0 vous.<\/p>\n<\/div><\/div>\n","protected":false},"excerpt":{"rendered":"<p>Besoin d&#8217;aide pour trouver la chaussure id\u00e9ale ? Sneak U vous propose une \u00e9tude personnalis\u00e9e ! SALOMON PULSAR TRAIL ADIDAS Terrex speed ultra trail NIKE React Pegasus Trail 4 &#8211; Chaussures de trail NIKE Nike Pegasus Trail 2&nbsp; ADIDAS Terrex speed SG SALOMON W SALOMON PULSAR TRAIL PRO Notre s\u00e9lection de chaussures de trail propose [&hellip;]<\/p>\n","protected":false},"author":1,"featured_media":0,"parent":0,"menu_order":0,"comment_status":"closed","ping_status":"closed","template":"","meta":{"_uag_custom_page_level_css":"","_mi_skip_tracking":false,"_monsterinsights_sitenote_active":false,"_monsterinsights_sitenote_note":"","_monsterinsights_sitenote_category":0,"footnotes":""},"class_list":["post-30","page","type-page","status-publish","hentry","entry","owp-thumbs-layout-horizontal","owp-btn-normal","owp-tabs-layout-horizontal","has-no-thumbnails","has-product-nav"],"yoast_head":"<!-- This site is optimized with the Yoast SEO plugin v20.10 - https:\/\/yoast.com\/wordpress\/plugins\/seo\/ -->\n<title>Chaussures Trail - Sneak U<\/title>\n<meta name=\"robots\" content=\"index, follow, max-snippet:-1, max-image-preview:large, max-video-preview:-1\" \/>\n<link rel=\"canonical\" href=\"https:\/\/sneaku.online\/?page_id=30\" \/>\n<meta property=\"og:locale\" content=\"en_GB\" \/>\n<meta property=\"og:type\" content=\"article\" \/>\n<meta property=\"og:title\" content=\"Chaussures Trail - Sneak U\" \/>\n<meta property=\"og:description\" content=\"Besoin d&#8217;aide pour trouver la chaussure id\u00e9ale ? Sneak U vous propose une \u00e9tude personnalis\u00e9e ! SALOMON PULSAR TRAIL ADIDAS Terrex speed ultra trail NIKE React Pegasus Trail 4 &#8211; Chaussures de trail NIKE Nike Pegasus Trail 2&nbsp; ADIDAS Terrex speed SG SALOMON W SALOMON PULSAR TRAIL PRO Notre s\u00e9lection de chaussures de trail propose [&hellip;]\" \/>\n<meta property=\"og:url\" content=\"https:\/\/sneaku.online\/?page_id=30\" \/>\n<meta property=\"og:site_name\" content=\"Sneak U\" \/>\n<meta property=\"article:publisher\" content=\"https:\/\/www.facebook.com\/profile.php?id=100093692063251\" \/>\n<meta property=\"article:modified_time\" content=\"2023-06-29T20:04:16+00:00\" \/>\n<meta property=\"og:image\" content=\"https:\/\/sneaku.000webhostapp.com\/wp-content\/uploads\/2023\/06\/blanches.jpg\" \/>\n<meta name=\"twitter:card\" content=\"summary_large_image\" \/>\n<meta name=\"twitter:label1\" content=\"Estimated reading time\" \/>\n\t<meta name=\"twitter:data1\" content=\"1 minute\" \/>\n<script type=\"application\/ld+json\" class=\"yoast-schema-graph\">{\"@context\":\"https:\/\/schema.org\",\"@graph\":[{\"@type\":\"WebPage\",\"@id\":\"https:\/\/sneaku.online\/?page_id=30\",\"url\":\"https:\/\/sneaku.online\/?page_id=30\",\"name\":\"Chaussures Trail - Sneak U\",\"isPartOf\":{\"@id\":\"https:\/\/sneaku.online\/#website\"},\"datePublished\":\"2023-05-29T14:28:51+00:00\",\"dateModified\":\"2023-06-29T20:04:16+00:00\",\"breadcrumb\":{\"@id\":\"https:\/\/sneaku.online\/?page_id=30#breadcrumb\"},\"inLanguage\":\"en-GB\",\"potentialAction\":[{\"@type\":\"ReadAction\",\"target\":[\"https:\/\/sneaku.online\/?page_id=30\"]}]},{\"@type\":\"BreadcrumbList\",\"@id\":\"https:\/\/sneaku.online\/?page_id=30#breadcrumb\",\"itemListElement\":[{\"@type\":\"ListItem\",\"position\":1,\"name\":\"Home\",\"item\":\"https:\/\/sneaku.online\/\"},{\"@type\":\"ListItem\",\"position\":2,\"name\":\"Chaussures Trail\"}]},{\"@type\":\"WebSite\",\"@id\":\"https:\/\/sneaku.online\/#website\",\"url\":\"https:\/\/sneaku.online\/\",\"name\":\"Sneak U\",\"description\":\"Le choix des champions, la puissance des sportifs\",\"publisher\":{\"@id\":\"https:\/\/sneaku.online\/#organization\"},\"potentialAction\":[{\"@type\":\"SearchAction\",\"target\":{\"@type\":\"EntryPoint\",\"urlTemplate\":\"https:\/\/sneaku.online\/?s={search_term_string}\"},\"query-input\":\"required name=search_term_string\"}],\"inLanguage\":\"en-GB\"},{\"@type\":\"Organization\",\"@id\":\"https:\/\/sneaku.online\/#organization\",\"name\":\"Sneak U\",\"url\":\"https:\/\/sneaku.online\/\",\"logo\":{\"@type\":\"ImageObject\",\"inLanguage\":\"en-GB\",\"@id\":\"https:\/\/sneaku.online\/#\/schema\/logo\/image\/\",\"url\":\"https:\/\/sneaku.online\/wp-content\/uploads\/2023\/06\/cropped-Jetez-un-oeil-a-mon-design-Canva-.jpg\",\"contentUrl\":\"https:\/\/sneaku.online\/wp-content\/uploads\/2023\/06\/cropped-Jetez-un-oeil-a-mon-design-Canva-.jpg\",\"width\":56,\"height\":51,\"caption\":\"Sneak U\"},\"image\":{\"@id\":\"https:\/\/sneaku.online\/#\/schema\/logo\/image\/\"},\"sameAs\":[\"https:\/\/www.facebook.com\/profile.php?id=100093692063251\",\"https:\/\/instagram.com\/sneak_u_lyon?igshid=ZDc4ODBmNjlmNQ==\"]}]}<\/script>\n<!-- \/ Yoast SEO plugin. -->","yoast_head_json":{"title":"Chaussures Trail - Sneak U","robots":{"index":"index","follow":"follow","max-snippet":"max-snippet:-1","max-image-preview":"max-image-preview:large","max-video-preview":"max-video-preview:-1"},"canonical":"https:\/\/sneaku.online\/?page_id=30","og_locale":"en_GB","og_type":"article","og_title":"Chaussures Trail - Sneak U","og_description":"Besoin d&#8217;aide pour trouver la chaussure id\u00e9ale ? Sneak U vous propose une \u00e9tude personnalis\u00e9e ! SALOMON PULSAR TRAIL ADIDAS Terrex speed ultra trail NIKE React Pegasus Trail 4 &#8211; Chaussures de trail NIKE Nike Pegasus Trail 2&nbsp; ADIDAS Terrex speed SG SALOMON W SALOMON PULSAR TRAIL PRO Notre s\u00e9lection de chaussures de trail propose [&hellip;]","og_url":"https:\/\/sneaku.online\/?page_id=30","og_site_name":"Sneak U","article_publisher":"https:\/\/www.facebook.com\/profile.php?id=100093692063251","article_modified_time":"2023-06-29T20:04:16+00:00","og_image":[{"url":"https:\/\/sneaku.000webhostapp.com\/wp-content\/uploads\/2023\/06\/blanches.jpg"}],"twitter_card":"summary_large_image","twitter_misc":{"Estimated reading time":"1 minute"},"schema":{"@context":"https:\/\/schema.org","@graph":[{"@type":"WebPage","@id":"https:\/\/sneaku.online\/?page_id=30","url":"https:\/\/sneaku.online\/?page_id=30","name":"Chaussures Trail - Sneak U","isPartOf":{"@id":"https:\/\/sneaku.online\/#website"},"datePublished":"2023-05-29T14:28:51+00:00","dateModified":"2023-06-29T20:04:16+00:00","breadcrumb":{"@id":"https:\/\/sneaku.online\/?page_id=30#breadcrumb"},"inLanguage":"en-GB","potentialAction":[{"@type":"ReadAction","target":["https:\/\/sneaku.online\/?page_id=30"]}]},{"@type":"BreadcrumbList","@id":"https:\/\/sneaku.online\/?page_id=30#breadcrumb","itemListElement":[{"@type":"ListItem","position":1,"name":"Home","item":"https:\/\/sneaku.online\/"},{"@type":"ListItem","position":2,"name":"Chaussures Trail"}]},{"@type":"WebSite","@id":"https:\/\/sneaku.online\/#website","url":"https:\/\/sneaku.online\/","name":"Sneak U","description":"Le choix des champions, la puissance des sportifs","publisher":{"@id":"https:\/\/sneaku.online\/#organization"},"potentialAction":[{"@type":"SearchAction","target":{"@type":"EntryPoint","urlTemplate":"https:\/\/sneaku.online\/?s={search_term_string}"},"query-input":"required name=search_term_string"}],"inLanguage":"en-GB"},{"@type":"Organization","@id":"https:\/\/sneaku.online\/#organization","name":"Sneak U","url":"https:\/\/sneaku.online\/","logo":{"@type":"ImageObject","inLanguage":"en-GB","@id":"https:\/\/sneaku.online\/#\/schema\/logo\/image\/","url":"https:\/\/sneaku.online\/wp-content\/uploads\/2023\/06\/cropped-Jetez-un-oeil-a-mon-design-Canva-.jpg","contentUrl":"https:\/\/sneaku.online\/wp-content\/uploads\/2023\/06\/cropped-Jetez-un-oeil-a-mon-design-Canva-.jpg","width":56,"height":51,"caption":"Sneak U"},"image":{"@id":"https:\/\/sneaku.online\/#\/schema\/logo\/image\/"},"sameAs":["https:\/\/www.facebook.com\/profile.php?id=100093692063251","https:\/\/instagram.com\/sneak_u_lyon?igshid=ZDc4ODBmNjlmNQ=="]}]}},"uagb_featured_image_src":{"full":false,"thumbnail":false,"medium":false,"medium_large":false,"large":false,"1536x1536":false,"2048x2048":false,"ocean-thumb-m":false,"ocean-thumb-ml":false,"ocean-thumb-l":false,"woocommerce_thumbnail":false,"woocommerce_single":false,"woocommerce_gallery_thumbnail":false},"uagb_author_info":{"display_name":"cliofloch","author_link":"https:\/\/sneaku.online\/?author=1"},"uagb_comment_info":0,"uagb_excerpt":"Besoin d&#8217;aide pour trouver la chaussure id\u00e9ale ? Sneak U vous propose une \u00e9tude personnalis\u00e9e ! SALOMON PULSAR TRAIL ADIDAS Terrex speed ultra trail NIKE React Pegasus Trail 4 &#8211; Chaussures de trail NIKE Nike Pegasus Trail 2&nbsp; ADIDAS Terrex speed SG SALOMON W SALOMON PULSAR TRAIL PRO Notre s\u00e9lection de chaussures de trail propose&hellip;","_links":{"self":[{"href":"https:\/\/sneaku.online\/index.php?rest_route=\/wp\/v2\/pages\/30","targetHints":{"allow":["GET"]}}],"collection":[{"href":"https:\/\/sneaku.online\/index.php?rest_route=\/wp\/v2\/pages"}],"about":[{"href":"https:\/\/sneaku.online\/index.php?rest_route=\/wp\/v2\/types\/page"}],"author":[{"embeddable":true,"href":"https:\/\/sneaku.online\/index.php?rest_route=\/wp\/v2\/users\/1"}],"replies":[{"embeddable":true,"href":"https:\/\/sneaku.online\/index.php?rest_route=%2Fwp%2Fv2%2Fcomments&post=30"}],"version-history":[{"count":19,"href":"https:\/\/sneaku.online\/index.php?rest_route=\/wp\/v2\/pages\/30\/revisions"}],"predecessor-version":[{"id":687,"href":"https:\/\/sneaku.online\/index.php?rest_route=\/wp\/v2\/pages\/30\/revisions\/687"}],"wp:attachment":[{"href":"https:\/\/sneaku.online\/index.php?rest_route=%2Fwp%2Fv2%2Fmedia&parent=30"}],"curies":[{"name":"wp","href":"https:\/\/api.w.org\/{rel}","templated":true}]}}