{"id":12,"date":"2023-05-29T12:48:11","date_gmt":"2023-05-29T11:48:11","guid":{"rendered":"https:\/\/sneaku.000webhostapp.com\/?page_id=12"},"modified":"2023-06-29T21:51:34","modified_gmt":"2023-06-29T19:51:34","slug":"chaussures-running","status":"publish","type":"page","link":"https:\/\/sneaku.online\/?page_id=12","title":{"rendered":"Chaussures running"},"content":{"rendered":"\n<div style=\"height:25px\" aria-hidden=\"true\" class=\"wp-block-spacer\"><\/div>\n\n\n\n<div class=\"wp-block-columns alignfull ticss-c9745dc3 has-background is-layout-flex wp-container-core-columns-is-layout-9d6595d7 wp-block-columns-is-layout-flex\" style=\"background-color:#ddddddde\">\n<div class=\"wp-block-column is-layout-flow wp-block-column-is-layout-flow\" style=\"flex-basis:66.66%\">\n<p>Besoin d&#8217;aide pour trouver la chaussure id\u00e9ale ? <\/p>\n\n\n\n<p class=\"has-text-align-left\">Sneak U vous propose une \u00e9tude personnalis\u00e9e !<\/p>\n<\/div>\n\n\n\n<div class=\"wp-block-column is-vertically-aligned-center is-layout-flow wp-block-column-is-layout-flow\" style=\"flex-basis:33.33%\">\n<div class=\"wp-block-buttons is-layout-flex wp-block-buttons-is-layout-flex\">\n<div class=\"wp-block-button\"><a class=\"wp-block-button__link wp-element-button\" style=\"border-radius:0px\">Trouver chaussure \u00e0 mon pied<\/a><\/div>\n<\/div>\n<\/div>\n<\/div>\n\n\n\n<div class=\"wp-block-group alignfull\"><div class=\"wp-block-group__inner-container is-layout-constrained wp-block-group-is-layout-constrained\">\n<div class=\"wp-block-group alignfull is-vertical is-layout-flex wp-container-core-group-is-layout-8cf370e7 wp-block-group-is-layout-flex\">\n<div class=\"wp-block-columns alignfull is-layout-flex wp-container-core-columns-is-layout-9d6595d7 wp-block-columns-is-layout-flex\">\n<div class=\"wp-block-column is-vertically-aligned-center is-layout-flow wp-block-column-is-layout-flow\">\n<figure class=\"wp-block-image size-medium is-resized img-shoes\"><img loading=\"lazy\" decoding=\"async\" src=\"https:\/\/sneaku.online\/wp-content\/uploads\/2023\/06\/adidas_gv9533_1_footwear_photography_side_lateral_center_view_white_000-300x300.jpg\" alt=\"\" class=\"wp-image-631\" width=\"200\" height=\"200\" srcset=\"https:\/\/sneaku.online\/wp-content\/uploads\/2023\/06\/adidas_gv9533_1_footwear_photography_side_lateral_center_view_white_000-300x300.jpg 300w, https:\/\/sneaku.online\/wp-content\/uploads\/2023\/06\/adidas_gv9533_1_footwear_photography_side_lateral_center_view_white_000-100x100.jpg 100w, https:\/\/sneaku.online\/wp-content\/uploads\/2023\/06\/adidas_gv9533_1_footwear_photography_side_lateral_center_view_white_000-600x600.jpg 600w, https:\/\/sneaku.online\/wp-content\/uploads\/2023\/06\/adidas_gv9533_1_footwear_photography_side_lateral_center_view_white_000-1024x1024.jpg 1024w, https:\/\/sneaku.online\/wp-content\/uploads\/2023\/06\/adidas_gv9533_1_footwear_photography_side_lateral_center_view_white_000-150x150.jpg 150w, https:\/\/sneaku.online\/wp-content\/uploads\/2023\/06\/adidas_gv9533_1_footwear_photography_side_lateral_center_view_white_000-768x768.jpg 768w, https:\/\/sneaku.online\/wp-content\/uploads\/2023\/06\/adidas_gv9533_1_footwear_photography_side_lateral_center_view_white_000-1536x1536.jpg 1536w, https:\/\/sneaku.online\/wp-content\/uploads\/2023\/06\/adidas_gv9533_1_footwear_photography_side_lateral_center_view_white_000.jpg 1800w\" sizes=\"auto, (max-width: 200px) 100vw, 200px\" \/><\/figure>\n\n\n\n<p class=\"has-text-align-center bottom-img\">Nike &#8211; 1254 <\/p>\n<\/div>\n\n\n\n<div class=\"wp-block-column is-vertically-aligned-center is-layout-flow wp-block-column-is-layout-flow\">\n<figure class=\"wp-block-image size-medium is-resized img-shoes\"><img loading=\"lazy\" decoding=\"async\" src=\"https:\/\/sneaku.online\/wp-content\/uploads\/2023\/06\/nike-pegasus-37-chaussures-running-400x400x80xX-300x300.jpg\" alt=\"\" class=\"wp-image-632\" width=\"200\" height=\"200\" srcset=\"https:\/\/sneaku.online\/wp-content\/uploads\/2023\/06\/nike-pegasus-37-chaussures-running-400x400x80xX-300x300.jpg 300w, https:\/\/sneaku.online\/wp-content\/uploads\/2023\/06\/nike-pegasus-37-chaussures-running-400x400x80xX-100x100.jpg 100w, https:\/\/sneaku.online\/wp-content\/uploads\/2023\/06\/nike-pegasus-37-chaussures-running-400x400x80xX-150x150.jpg 150w, https:\/\/sneaku.online\/wp-content\/uploads\/2023\/06\/nike-pegasus-37-chaussures-running-400x400x80xX.jpg 400w\" sizes=\"auto, (max-width: 200px) 100vw, 200px\" \/><\/figure>\n\n\n\n<p class=\"has-text-align-center bottom-img\">Nike &#8211; 1254 100\u20ac<\/p>\n<\/div>\n\n\n\n<div class=\"wp-block-column is-vertically-aligned-center is-layout-flow wp-block-column-is-layout-flow\">\n<figure class=\"wp-block-image size-medium is-resized img-shoes\"><img loading=\"lazy\" decoding=\"async\" src=\"https:\/\/sneaku.online\/wp-content\/uploads\/2023\/06\/running-adidas-ultra-boost-22-gx6640-1-300x300.jpg\" alt=\"\" class=\"wp-image-634\" width=\"200\" height=\"200\" srcset=\"https:\/\/sneaku.online\/wp-content\/uploads\/2023\/06\/running-adidas-ultra-boost-22-gx6640-1-300x300.jpg 300w, https:\/\/sneaku.online\/wp-content\/uploads\/2023\/06\/running-adidas-ultra-boost-22-gx6640-1-100x100.jpg 100w, https:\/\/sneaku.online\/wp-content\/uploads\/2023\/06\/running-adidas-ultra-boost-22-gx6640-1-600x600.jpg 600w, https:\/\/sneaku.online\/wp-content\/uploads\/2023\/06\/running-adidas-ultra-boost-22-gx6640-1-1024x1024.jpg 1024w, https:\/\/sneaku.online\/wp-content\/uploads\/2023\/06\/running-adidas-ultra-boost-22-gx6640-1-150x150.jpg 150w, https:\/\/sneaku.online\/wp-content\/uploads\/2023\/06\/running-adidas-ultra-boost-22-gx6640-1-768x768.jpg 768w, https:\/\/sneaku.online\/wp-content\/uploads\/2023\/06\/running-adidas-ultra-boost-22-gx6640-1-1536x1536.jpg 1536w, https:\/\/sneaku.online\/wp-content\/uploads\/2023\/06\/running-adidas-ultra-boost-22-gx6640-1-2048x2048.jpg 2048w\" sizes=\"auto, (max-width: 200px) 100vw, 200px\" \/><\/figure>\n\n\n\n<p class=\"has-text-align-center bottom-img\">Nike &#8211; 1254 100\u20ac<\/p>\n<\/div>\n<\/div>\n\n\n\n<div class=\"wp-block-columns alignfull is-layout-flex wp-container-core-columns-is-layout-9d6595d7 wp-block-columns-is-layout-flex\">\n<div class=\"wp-block-column is-vertically-aligned-center is-layout-flow wp-block-column-is-layout-flow\">\n<figure class=\"wp-block-image size-thumbnail is-resized img-shoes\"><img decoding=\"async\" src=\"https:\/\/sneaku.online\/wp-content\/uploads\/2023\/06\/web-1201a113-020-p-edited-150x150.jpg\" alt=\"\" class=\"wp-image-653\" width=\"200\" srcset=\"https:\/\/sneaku.online\/wp-content\/uploads\/2023\/06\/web-1201a113-020-p-edited-150x150.jpg 150w, https:\/\/sneaku.online\/wp-content\/uploads\/2023\/06\/web-1201a113-020-p-edited-300x300.jpg 300w, https:\/\/sneaku.online\/wp-content\/uploads\/2023\/06\/web-1201a113-020-p-edited-100x100.jpg 100w, https:\/\/sneaku.online\/wp-content\/uploads\/2023\/06\/web-1201a113-020-p-edited-600x600.jpg 600w, https:\/\/sneaku.online\/wp-content\/uploads\/2023\/06\/web-1201a113-020-p-edited-768x770.jpg 768w, https:\/\/sneaku.online\/wp-content\/uploads\/2023\/06\/web-1201a113-020-p-edited.jpg 962w\" sizes=\"(max-width: 150px) 100vw, 150px\" \/><\/figure>\n\n\n\n<p class=\"has-text-align-center bottom-img\">Nike &#8211; 1254 100\u20ac<\/p>\n<\/div>\n\n\n\n<div class=\"wp-block-column is-vertically-aligned-center is-layout-flow wp-block-column-is-layout-flow\">\n<figure class=\"wp-block-image size-full is-resized img-shoes\"><img loading=\"lazy\" decoding=\"async\" src=\"https:\/\/sneaku.online\/wp-content\/uploads\/2023\/06\/enfant-running-fille-1.jpg\" alt=\"\" class=\"wp-image-655\" width=\"200\" height=\"200\" srcset=\"https:\/\/sneaku.online\/wp-content\/uploads\/2023\/06\/enfant-running-fille-1.jpg 225w, https:\/\/sneaku.online\/wp-content\/uploads\/2023\/06\/enfant-running-fille-1-100x100.jpg 100w, https:\/\/sneaku.online\/wp-content\/uploads\/2023\/06\/enfant-running-fille-1-150x150.jpg 150w\" sizes=\"auto, (max-width: 200px) 100vw, 200px\" \/><\/figure>\n\n\n\n<p class=\"has-text-align-center bottom-img\">Nike &#8211; 1254 100\u20ac<\/p>\n<\/div>\n\n\n\n<div class=\"wp-block-column is-layout-flow wp-block-column-is-layout-flow\">\n<figure class=\"wp-block-image size-thumbnail is-resized\"><img loading=\"lazy\" decoding=\"async\" src=\"https:\/\/sneaku.online\/wp-content\/uploads\/2023\/06\/web-cw3419-100-p-1-edited-150x150.jpg\" alt=\"\" class=\"wp-image-656\" width=\"200\" height=\"200\" srcset=\"https:\/\/sneaku.online\/wp-content\/uploads\/2023\/06\/web-cw3419-100-p-1-edited-150x150.jpg 150w, https:\/\/sneaku.online\/wp-content\/uploads\/2023\/06\/web-cw3419-100-p-1-edited-300x300.jpg 300w, https:\/\/sneaku.online\/wp-content\/uploads\/2023\/06\/web-cw3419-100-p-1-edited-100x100.jpg 100w, https:\/\/sneaku.online\/wp-content\/uploads\/2023\/06\/web-cw3419-100-p-1-edited-600x600.jpg 600w, https:\/\/sneaku.online\/wp-content\/uploads\/2023\/06\/web-cw3419-100-p-1-edited-768x770.jpg 768w, https:\/\/sneaku.online\/wp-content\/uploads\/2023\/06\/web-cw3419-100-p-1-edited.jpg 962w\" sizes=\"auto, (max-width: 200px) 100vw, 200px\" \/><\/figure>\n\n\n\n<p class=\"has-text-align-center\">Nike &#8211; 1254 100\u20ac<\/p>\n<\/div>\n<\/div>\n<\/div>\n<\/div><\/div>\n\n\n\n<div style=\"height:100px\" aria-hidden=\"true\" class=\"wp-block-spacer\"><\/div>\n\n\n\n<div class=\"wp-block-group is-vertical is-layout-flex wp-container-core-group-is-layout-8cf370e7 wp-block-group-is-layout-flex\">\n<p>Nike est connu pour ses <strong>chaussures<\/strong> de running l\u00e9g\u00e8res et r\u00e9sistantes, dot\u00e9es de technologies avanc\u00e9es d&#8217;amorti pour une performance maximale et un confort durable.<\/p>\n\n\n\n<div style=\"height:30px\" aria-hidden=\"true\" class=\"wp-block-spacer\"><\/div>\n\n\n\n<p>&nbsp;Les <strong>chaussures<\/strong> de running Adidas, avec leur technologie Boost r\u00e9volutionnaire, offrent un retour d&#8217;\u00e9nergie sup\u00e9rieur, aidant les coureurs \u00e0 maintenir leur rythme plus longtemps.<\/p>\n\n\n\n<p>&nbsp;Les <strong>chaussures<\/strong> Asics, avec leur technologie de gel, sont r\u00e9put\u00e9es pour leur soutien et leur amorti exceptionnels, permettant une course plus fluide et plus confortable.<\/p>\n\n\n\n<div style=\"height:50px\" aria-hidden=\"true\" class=\"wp-block-spacer\"><\/div>\n\n\n\n<div style=\"height:100px\" aria-hidden=\"true\" class=\"wp-block-spacer\"><\/div>\n<\/div>\n\n\n\n<div class=\"wp-block-cover aligncenter is-light has-custom-content-position is-position-top-center\"><span aria-hidden=\"true\" class=\"wp-block-cover__background has-background-dim-40 has-background-dim\"><\/span><img loading=\"lazy\" decoding=\"async\" width=\"1024\" height=\"1024\" class=\"wp-block-cover__image-background wp-image-671\" alt=\"\" src=\"https:\/\/sneaku.online\/wp-content\/uploads\/2023\/06\/pexels-admiral-general-m-\u2b50\u2b50\u2b50\u2b50\u2b50-godshepherdly-6945871-1-1024x1024.jpg\" data-object-fit=\"cover\" srcset=\"https:\/\/sneaku.online\/wp-content\/uploads\/2023\/06\/pexels-admiral-general-m-\u2b50\u2b50\u2b50\u2b50\u2b50-godshepherdly-6945871-1-1024x1024.jpg 1024w, https:\/\/sneaku.online\/wp-content\/uploads\/2023\/06\/pexels-admiral-general-m-\u2b50\u2b50\u2b50\u2b50\u2b50-godshepherdly-6945871-1-300x300.jpg 300w, https:\/\/sneaku.online\/wp-content\/uploads\/2023\/06\/pexels-admiral-general-m-\u2b50\u2b50\u2b50\u2b50\u2b50-godshepherdly-6945871-1-scaled-100x100.jpg 100w, https:\/\/sneaku.online\/wp-content\/uploads\/2023\/06\/pexels-admiral-general-m-\u2b50\u2b50\u2b50\u2b50\u2b50-godshepherdly-6945871-1-600x600.jpg 600w, https:\/\/sneaku.online\/wp-content\/uploads\/2023\/06\/pexels-admiral-general-m-\u2b50\u2b50\u2b50\u2b50\u2b50-godshepherdly-6945871-1-150x150.jpg 150w, https:\/\/sneaku.online\/wp-content\/uploads\/2023\/06\/pexels-admiral-general-m-\u2b50\u2b50\u2b50\u2b50\u2b50-godshepherdly-6945871-1-768x768.jpg 768w, https:\/\/sneaku.online\/wp-content\/uploads\/2023\/06\/pexels-admiral-general-m-\u2b50\u2b50\u2b50\u2b50\u2b50-godshepherdly-6945871-1-1536x1536.jpg 1536w, https:\/\/sneaku.online\/wp-content\/uploads\/2023\/06\/pexels-admiral-general-m-\u2b50\u2b50\u2b50\u2b50\u2b50-godshepherdly-6945871-1-2048x2048.jpg 2048w\" sizes=\"auto, (max-width: 1024px) 100vw, 1024px\" \/><div class=\"wp-block-cover__inner-container is-layout-flow wp-block-cover-is-layout-flow\">\n<div style=\"height:20px\" aria-hidden=\"true\" class=\"wp-block-spacer\"><\/div>\n\n\n\n<p class=\"has-text-align-center has-white-color has-text-color has-medium-font-size\">Chaque paire dans notre s\u00e9lection est con\u00e7ue pour vous aider \u00e0 atteindre votre potentiel de performance maximal tout en vous assurant une course confortable.<\/p>\n<\/div><\/div>\n\n\n\n<div style=\"height:50px\" aria-hidden=\"true\" class=\"wp-block-spacer\"><\/div>\n","protected":false},"excerpt":{"rendered":"<p>Besoin d&#8217;aide pour trouver la chaussure id\u00e9ale ? Sneak U vous propose une \u00e9tude personnalis\u00e9e ! Nike &#8211; 1254 Nike &#8211; 1254 100\u20ac Nike &#8211; 1254 100\u20ac Nike &#8211; 1254 100\u20ac Nike &#8211; 1254 100\u20ac Nike &#8211; 1254 100\u20ac Nike est connu pour ses chaussures de running l\u00e9g\u00e8res et r\u00e9sistantes, dot\u00e9es de technologies avanc\u00e9es d&#8217;amorti [&hellip;]<\/p>\n","protected":false},"author":1,"featured_media":0,"parent":0,"menu_order":-2,"comment_status":"closed","ping_status":"closed","template":"","meta":{"_uag_custom_page_level_css":"","_mi_skip_tracking":false,"_monsterinsights_sitenote_active":false,"_monsterinsights_sitenote_note":"","_monsterinsights_sitenote_category":0,"footnotes":""},"class_list":["post-12","page","type-page","status-publish","hentry","entry","owp-thumbs-layout-horizontal","owp-btn-normal","owp-tabs-layout-horizontal","has-no-thumbnails","has-product-nav"],"yoast_head":"<!-- This site is optimized with the Yoast SEO plugin v20.10 - https:\/\/yoast.com\/wordpress\/plugins\/seo\/ -->\n<title>Chaussures running - Sneak U<\/title>\n<meta name=\"robots\" content=\"index, follow, max-snippet:-1, max-image-preview:large, max-video-preview:-1\" \/>\n<link rel=\"canonical\" href=\"https:\/\/sneaku.online\/?page_id=12\" \/>\n<meta property=\"og:locale\" content=\"en_GB\" \/>\n<meta property=\"og:type\" content=\"article\" \/>\n<meta property=\"og:title\" content=\"Chaussures running - Sneak U\" \/>\n<meta property=\"og:description\" content=\"Besoin d&#8217;aide pour trouver la chaussure id\u00e9ale ? Sneak U vous propose une \u00e9tude personnalis\u00e9e ! Nike &#8211; 1254 Nike &#8211; 1254 100\u20ac Nike &#8211; 1254 100\u20ac Nike &#8211; 1254 100\u20ac Nike &#8211; 1254 100\u20ac Nike &#8211; 1254 100\u20ac Nike est connu pour ses chaussures de running l\u00e9g\u00e8res et r\u00e9sistantes, dot\u00e9es de technologies avanc\u00e9es d&#8217;amorti [&hellip;]\" \/>\n<meta property=\"og:url\" content=\"https:\/\/sneaku.online\/?page_id=12\" \/>\n<meta property=\"og:site_name\" content=\"Sneak U\" \/>\n<meta property=\"article:publisher\" content=\"https:\/\/www.facebook.com\/profile.php?id=100093692063251\" \/>\n<meta property=\"article:modified_time\" content=\"2023-06-29T19:51:34+00:00\" \/>\n<meta property=\"og:image\" content=\"https:\/\/sneaku.online\/wp-content\/uploads\/2023\/06\/adidas_gv9533_1_footwear_photography_side_lateral_center_view_white_000-300x300.jpg\" \/>\n<meta name=\"twitter:card\" content=\"summary_large_image\" \/>\n<meta name=\"twitter:label1\" content=\"Estimated reading time\" \/>\n\t<meta name=\"twitter:data1\" content=\"1 minute\" \/>\n<script type=\"application\/ld+json\" class=\"yoast-schema-graph\">{\"@context\":\"https:\/\/schema.org\",\"@graph\":[{\"@type\":\"WebPage\",\"@id\":\"https:\/\/sneaku.online\/?page_id=12\",\"url\":\"https:\/\/sneaku.online\/?page_id=12\",\"name\":\"Chaussures running - Sneak U\",\"isPartOf\":{\"@id\":\"https:\/\/sneaku.online\/#website\"},\"datePublished\":\"2023-05-29T11:48:11+00:00\",\"dateModified\":\"2023-06-29T19:51:34+00:00\",\"breadcrumb\":{\"@id\":\"https:\/\/sneaku.online\/?page_id=12#breadcrumb\"},\"inLanguage\":\"en-GB\",\"potentialAction\":[{\"@type\":\"ReadAction\",\"target\":[\"https:\/\/sneaku.online\/?page_id=12\"]}]},{\"@type\":\"BreadcrumbList\",\"@id\":\"https:\/\/sneaku.online\/?page_id=12#breadcrumb\",\"itemListElement\":[{\"@type\":\"ListItem\",\"position\":1,\"name\":\"Home\",\"item\":\"https:\/\/sneaku.online\/\"},{\"@type\":\"ListItem\",\"position\":2,\"name\":\"Chaussures running\"}]},{\"@type\":\"WebSite\",\"@id\":\"https:\/\/sneaku.online\/#website\",\"url\":\"https:\/\/sneaku.online\/\",\"name\":\"Sneak U\",\"description\":\"Le choix des champions, la puissance des sportifs\",\"publisher\":{\"@id\":\"https:\/\/sneaku.online\/#organization\"},\"potentialAction\":[{\"@type\":\"SearchAction\",\"target\":{\"@type\":\"EntryPoint\",\"urlTemplate\":\"https:\/\/sneaku.online\/?s={search_term_string}\"},\"query-input\":\"required name=search_term_string\"}],\"inLanguage\":\"en-GB\"},{\"@type\":\"Organization\",\"@id\":\"https:\/\/sneaku.online\/#organization\",\"name\":\"Sneak U\",\"url\":\"https:\/\/sneaku.online\/\",\"logo\":{\"@type\":\"ImageObject\",\"inLanguage\":\"en-GB\",\"@id\":\"https:\/\/sneaku.online\/#\/schema\/logo\/image\/\",\"url\":\"https:\/\/sneaku.online\/wp-content\/uploads\/2023\/06\/cropped-Jetez-un-oeil-a-mon-design-Canva-.jpg\",\"contentUrl\":\"https:\/\/sneaku.online\/wp-content\/uploads\/2023\/06\/cropped-Jetez-un-oeil-a-mon-design-Canva-.jpg\",\"width\":56,\"height\":51,\"caption\":\"Sneak U\"},\"image\":{\"@id\":\"https:\/\/sneaku.online\/#\/schema\/logo\/image\/\"},\"sameAs\":[\"https:\/\/www.facebook.com\/profile.php?id=100093692063251\",\"https:\/\/instagram.com\/sneak_u_lyon?igshid=ZDc4ODBmNjlmNQ==\"]}]}<\/script>\n<!-- \/ Yoast SEO plugin. -->","yoast_head_json":{"title":"Chaussures running - Sneak U","robots":{"index":"index","follow":"follow","max-snippet":"max-snippet:-1","max-image-preview":"max-image-preview:large","max-video-preview":"max-video-preview:-1"},"canonical":"https:\/\/sneaku.online\/?page_id=12","og_locale":"en_GB","og_type":"article","og_title":"Chaussures running - Sneak U","og_description":"Besoin d&#8217;aide pour trouver la chaussure id\u00e9ale ? Sneak U vous propose une \u00e9tude personnalis\u00e9e ! Nike &#8211; 1254 Nike &#8211; 1254 100\u20ac Nike &#8211; 1254 100\u20ac Nike &#8211; 1254 100\u20ac Nike &#8211; 1254 100\u20ac Nike &#8211; 1254 100\u20ac Nike est connu pour ses chaussures de running l\u00e9g\u00e8res et r\u00e9sistantes, dot\u00e9es de technologies avanc\u00e9es d&#8217;amorti [&hellip;]","og_url":"https:\/\/sneaku.online\/?page_id=12","og_site_name":"Sneak U","article_publisher":"https:\/\/www.facebook.com\/profile.php?id=100093692063251","article_modified_time":"2023-06-29T19:51:34+00:00","og_image":[{"url":"https:\/\/sneaku.online\/wp-content\/uploads\/2023\/06\/adidas_gv9533_1_footwear_photography_side_lateral_center_view_white_000-300x300.jpg"}],"twitter_card":"summary_large_image","twitter_misc":{"Estimated reading time":"1 minute"},"schema":{"@context":"https:\/\/schema.org","@graph":[{"@type":"WebPage","@id":"https:\/\/sneaku.online\/?page_id=12","url":"https:\/\/sneaku.online\/?page_id=12","name":"Chaussures running - Sneak U","isPartOf":{"@id":"https:\/\/sneaku.online\/#website"},"datePublished":"2023-05-29T11:48:11+00:00","dateModified":"2023-06-29T19:51:34+00:00","breadcrumb":{"@id":"https:\/\/sneaku.online\/?page_id=12#breadcrumb"},"inLanguage":"en-GB","potentialAction":[{"@type":"ReadAction","target":["https:\/\/sneaku.online\/?page_id=12"]}]},{"@type":"BreadcrumbList","@id":"https:\/\/sneaku.online\/?page_id=12#breadcrumb","itemListElement":[{"@type":"ListItem","position":1,"name":"Home","item":"https:\/\/sneaku.online\/"},{"@type":"ListItem","position":2,"name":"Chaussures running"}]},{"@type":"WebSite","@id":"https:\/\/sneaku.online\/#website","url":"https:\/\/sneaku.online\/","name":"Sneak U","description":"Le choix des champions, la puissance des sportifs","publisher":{"@id":"https:\/\/sneaku.online\/#organization"},"potentialAction":[{"@type":"SearchAction","target":{"@type":"EntryPoint","urlTemplate":"https:\/\/sneaku.online\/?s={search_term_string}"},"query-input":"required name=search_term_string"}],"inLanguage":"en-GB"},{"@type":"Organization","@id":"https:\/\/sneaku.online\/#organization","name":"Sneak U","url":"https:\/\/sneaku.online\/","logo":{"@type":"ImageObject","inLanguage":"en-GB","@id":"https:\/\/sneaku.online\/#\/schema\/logo\/image\/","url":"https:\/\/sneaku.online\/wp-content\/uploads\/2023\/06\/cropped-Jetez-un-oeil-a-mon-design-Canva-.jpg","contentUrl":"https:\/\/sneaku.online\/wp-content\/uploads\/2023\/06\/cropped-Jetez-un-oeil-a-mon-design-Canva-.jpg","width":56,"height":51,"caption":"Sneak U"},"image":{"@id":"https:\/\/sneaku.online\/#\/schema\/logo\/image\/"},"sameAs":["https:\/\/www.facebook.com\/profile.php?id=100093692063251","https:\/\/instagram.com\/sneak_u_lyon?igshid=ZDc4ODBmNjlmNQ=="]}]}},"uagb_featured_image_src":{"full":false,"thumbnail":false,"medium":false,"medium_large":false,"large":false,"1536x1536":false,"2048x2048":false,"ocean-thumb-m":false,"ocean-thumb-ml":false,"ocean-thumb-l":false,"woocommerce_thumbnail":false,"woocommerce_single":false,"woocommerce_gallery_thumbnail":false},"uagb_author_info":{"display_name":"cliofloch","author_link":"https:\/\/sneaku.online\/?author=1"},"uagb_comment_info":0,"uagb_excerpt":"Besoin d&#8217;aide pour trouver la chaussure id\u00e9ale ? Sneak U vous propose une \u00e9tude personnalis\u00e9e ! Nike &#8211; 1254 Nike &#8211; 1254 100\u20ac Nike &#8211; 1254 100\u20ac Nike &#8211; 1254 100\u20ac Nike &#8211; 1254 100\u20ac Nike &#8211; 1254 100\u20ac Nike est connu pour ses chaussures de running l\u00e9g\u00e8res et r\u00e9sistantes, dot\u00e9es de technologies avanc\u00e9es d&#8217;amorti&hellip;","_links":{"self":[{"href":"https:\/\/sneaku.online\/index.php?rest_route=\/wp\/v2\/pages\/12","targetHints":{"allow":["GET"]}}],"collection":[{"href":"https:\/\/sneaku.online\/index.php?rest_route=\/wp\/v2\/pages"}],"about":[{"href":"https:\/\/sneaku.online\/index.php?rest_route=\/wp\/v2\/types\/page"}],"author":[{"embeddable":true,"href":"https:\/\/sneaku.online\/index.php?rest_route=\/wp\/v2\/users\/1"}],"replies":[{"embeddable":true,"href":"https:\/\/sneaku.online\/index.php?rest_route=%2Fwp%2Fv2%2Fcomments&post=12"}],"version-history":[{"count":119,"href":"https:\/\/sneaku.online\/index.php?rest_route=\/wp\/v2\/pages\/12\/revisions"}],"predecessor-version":[{"id":682,"href":"https:\/\/sneaku.online\/index.php?rest_route=\/wp\/v2\/pages\/12\/revisions\/682"}],"wp:attachment":[{"href":"https:\/\/sneaku.online\/index.php?rest_route=%2Fwp%2Fv2%2Fmedia&parent=12"}],"curies":[{"name":"wp","href":"https:\/\/api.w.org\/{rel}","templated":true}]}}